{"id":256,"date":"2015-03-03T12:56:50","date_gmt":"2015-03-03T12:56:50","guid":{"rendered":"http:\/\/demo.loprd.pl\/elise\/?page_id=256"},"modified":"2025-07-07T12:46:22","modified_gmt":"2025-07-07T10:46:22","slug":"about-us","status":"publish","type":"page","link":"https:\/\/www.arquitex.eu\/en\/about-us\/","title":{"rendered":"About us"},"content":{"rendered":"<div class=\"wpb-content-wrapper\"><p>[vc_row][vc_column][vc_column_text]<\/p>\n<h1 style=\"text-align: center;\"><strong><span style=\"color: #000000;\">ABOUT US<\/span><\/strong><\/h1>\n<p>[\/vc_column_text][\/vc_column][\/vc_row][vc_row css=&#8221;.vc_custom_1751883304569{margin-bottom: 20px !important;padding-top: 60px !important;}&#8221; bg_overlay=&#8221;&#8221;][vc_column width=&#8221;1\/4&#8243;][elise_iconbox icon=&#8221;upload_image&#8221; iconbox_title=&#8221;Arquitex&#8221; iconbox_readmore_text=&#8221;Leer m\u00e1s&#8221; icon_img=&#8221;1322&#8243;][\/elise_iconbox][vc_column_text]Arquitex Technology S.L. manufactures since 2001 all kinds of covers and accessories for the wind industry.<br \/>\nAlso flexible water tanks and other textile covers of industrial use.<br \/>\n[\/vc_column_text][vc_single_image image=&#8221;1269&#8243;][\/vc_column][vc_column width=&#8221;1\/4&#8243;][elise_iconbox icon=&#8221;upload_image&#8221; iconbox_title=&#8221;Quality&#8221; iconbox_readmore_text=&#8221;Leer m\u00e1s&#8221; icon_img=&#8221;1320&#8243;][\/elise_iconbox][vc_column_text css=&#8221;&#8221;]The fabrics used in the production of our products, as well as the manufacturing processes, meet the most demanding industry standards, through strict quality control.[\/vc_column_text][vc_single_image image=&#8221;1435&#8243; drop_shadow=&#8221;yes&#8221;][\/vc_column][vc_column width=&#8221;1\/4&#8243;][elise_iconbox icon=&#8221;upload_image&#8221; iconbox_title=&#8221;Logistics&#8221; iconbox_readmore_text=&#8221;Leer m\u00e1s&#8221; icon_img=&#8221;1321&#8243;][\/elise_iconbox][vc_column_text css=&#8221;&#8221;]We supply replacement canvas as well as scheduled just in time programs for factory provisioning.<br \/>\nAnywhere in the world.<\/p>\n<p>[\/vc_column_text][vc_single_image image=&#8221;1437&#8243;][\/vc_column][vc_column width=&#8221;1\/4&#8243;][elise_iconbox icon=&#8221;upload_image&#8221; iconbox_title=&#8221;Technical Manuals&#8221; iconbox_readmore_text=&#8221;Leer m\u00e1s&#8221; icon_img=&#8221;1324&#8243;][\/elise_iconbox][vc_column_text css=&#8221;&#8221;]With the scope required by the client.<br \/>\nInstructions for use, maintenance, safety, installation, disassembly, recoverability, repair, initial check-list, quality, risk analysis&#8230;[\/vc_column_text][vc_single_image image=&#8221;1436&#8243;][\/vc_column][\/vc_row][vc_row css=&#8221;.vc_custom_1488451528978{padding-top: 5px !important;background-color: #ffffff !important;}&#8221; bg_overlay=&#8221;&#8221;][vc_column width=&#8221;1\/2&#8243;][vc_single_image image=&#8221;1440&#8243;][vc_empty_space][\/vc_column][vc_column width=&#8221;1\/2&#8243;][elise_iconbox icon=&#8221;upload_image&#8221; iconbox_title=&#8221;Custom Design&#8221; iconbox_readmore_text=&#8221;Leer m\u00e1s&#8221; icon_img=&#8221;1317&#8243;][\/elise_iconbox][vc_column_text css=&#8221;&#8221;]Arquitex strictly complies the technical requirements requested by our customers.<\/p>\n<p>Arquitex frequently collaborates in design and development of new textile protections, even with the geometries and the most demanding functional requirements from any software design.<\/p>\n<p>His extensive experience in the design and manufacture of industrial covers, especially in the wind sector, allows him to provide resistant, effective and efficient solutions in the development of any textile protection.[\/vc_column_text][vc_single_image image=&#8221;1442&#8243;][\/vc_column][\/vc_row]<\/p>\n<\/div>","protected":false},"excerpt":{"rendered":"<p>[vc_row][vc_column][vc_column_text] ABOUT US [\/vc_column_text][\/vc_column][\/vc_row][vc_row css=&#8221;.vc_custom_1751883304569{margin-bottom: 20px !important;padding-top: 60px !important;}&#8221; bg_overlay=&#8221;&#8221;][vc_column width=&#8221;1\/4&#8243;][elise_iconbox icon=&#8221;upload_image&#8221; iconbox_title=&#8221;Arquitex&#8221; iconbox_readmore_text=&#8221;Leer m\u00e1s&#8221; icon_img=&#8221;1322&#8243;][\/elise_iconbox][vc_column_text]Arquitex Technology S.L. manufactures since 2001 all kinds [&#8230;]<\/p>\n<p><a class=\"more-link\" href=\"https:\/\/www.arquitex.eu\/en\/about-us\/\">Continue Reading<\/a><\/p>\n","protected":false},"author":3,"featured_media":0,"parent":0,"menu_order":2,"comment_status":"open","ping_status":"open","template":"template-full-width.php","meta":{"_exactmetrics_skip_tracking":false,"_exactmetrics_sitenote_active":false,"_exactmetrics_sitenote_note":"","_exactmetrics_sitenote_category":0,"footnotes":""},"class_list":["post-256","page","type-page","status-publish","hentry"],"translation":{"provider":"WPGlobus","version":"3.0.0","language":"en","enabled_languages":["es","en"],"languages":{"es":{"title":true,"content":true,"excerpt":false},"en":{"title":true,"content":true,"excerpt":false}}},"yoast_head":"<!-- This site is optimized with the Yoast SEO plugin v26.4 - https:\/\/yoast.com\/wordpress\/plugins\/seo\/ -->\n<title>Fundas y Cubiertas Textiles para la Industria E\u00f3lica<\/title>\n<meta name=\"robots\" content=\"index, follow, max-snippet:-1, max-image-preview:large, max-video-preview:-1\" \/>\n<link rel=\"canonical\" href=\"https:\/\/www.arquitex.eu\/about-us\/\" \/>\n<meta property=\"og:locale\" content=\"en_US\" \/>\n<meta property=\"og:type\" content=\"article\" \/>\n<meta property=\"og:title\" content=\"Fundas y Cubiertas Textiles para la Industria E\u00f3lica\" \/>\n<meta property=\"og:url\" content=\"https:\/\/www.arquitex.eu\/about-us\/\" \/>\n<meta property=\"og:site_name\" content=\"Arquitex\" \/>\n<meta property=\"article:publisher\" content=\"https:\/\/www.facebook.com\/arquitextechnology\/\" \/>\n<meta property=\"article:modified_time\" content=\"2025-07-07T10:46:22+00:00\" \/>\n<meta name=\"twitter:card\" content=\"summary_large_image\" \/>\n<meta name=\"twitter:label1\" content=\"Est. reading time\" \/>\n\t<meta name=\"twitter:data1\" content=\"4 minutes\" \/>\n<script type=\"application\/ld+json\" class=\"yoast-schema-graph\">{\"@context\":\"https:\/\/schema.org\",\"@graph\":[{\"@type\":\"WebPage\",\"@id\":\"https:\/\/www.arquitex.eu\/about-us\/\",\"url\":\"https:\/\/www.arquitex.eu\/about-us\/\",\"name\":\"Fundas y Cubiertas Textiles para la Industria E\u00f3lica\",\"isPartOf\":{\"@id\":\"https:\/\/www.arquitex.eu\/#website\"},\"datePublished\":\"2015-03-03T12:56:50+00:00\",\"dateModified\":\"2025-07-07T10:46:22+00:00\",\"description\":\"Fabricantes desde 2001 de fundas y accesorios textiles para aerogeneradores, torres e\u00f3licas y m\u00e1s. Dise\u00f1o a medida.\",\"breadcrumb\":{\"@id\":\"https:\/\/www.arquitex.eu\/about-us\/#breadcrumb\"},\"inLanguage\":\"en-US\",\"potentialAction\":[{\"@type\":\"ReadAction\",\"target\":[\"https:\/\/www.arquitex.eu\/about-us\/\"]}]},{\"@type\":\"BreadcrumbList\",\"@id\":\"https:\/\/www.arquitex.eu\/about-us\/#breadcrumb\",\"itemListElement\":[{\"@type\":\"ListItem\",\"position\":1,\"name\":\"Portada\",\"item\":\"https:\/\/www.arquitex.eu\/\"},{\"@type\":\"ListItem\",\"position\":2,\"name\":\"Sobre nosotros\"}]},{\"@type\":\"WebSite\",\"@id\":\"https:\/\/www.arquitex.eu\/#website\",\"url\":\"https:\/\/www.arquitex.eu\/\",\"name\":\"Arquitex \/ Covers for wind industry\",\"description\":\"Wind industry temporary covers\",\"potentialAction\":[{\"@type\":\"SearchAction\",\"target\":{\"@type\":\"EntryPoint\",\"urlTemplate\":\"https:\/\/www.arquitex.eu\/?s={search_term_string}\"},\"query-input\":{\"@type\":\"PropertyValueSpecification\",\"valueRequired\":true,\"valueName\":\"search_term_string\"}}],\"inLanguage\":\"en-US\"}]}<\/script>\n<!-- \/ Yoast SEO plugin. -->","yoast_head_json":{"title":"Fundas y Cubiertas Textiles para la Industria E\u00f3lica","robots":{"index":"index","follow":"follow","max-snippet":"max-snippet:-1","max-image-preview":"max-image-preview:large","max-video-preview":"max-video-preview:-1"},"canonical":"https:\/\/www.arquitex.eu\/about-us\/","og_locale":"en_US","og_type":"article","og_title":"Fundas y Cubiertas Textiles para la Industria E\u00f3lica","og_url":"https:\/\/www.arquitex.eu\/about-us\/","og_site_name":"Arquitex","article_publisher":"https:\/\/www.facebook.com\/arquitextechnology\/","article_modified_time":"2025-07-07T10:46:22+00:00","twitter_card":"summary_large_image","twitter_misc":{"Est. reading time":"4 minutes"},"schema":{"@context":"https:\/\/schema.org","@graph":[{"@type":"WebPage","@id":"https:\/\/www.arquitex.eu\/about-us\/","url":"https:\/\/www.arquitex.eu\/about-us\/","name":"Fundas y Cubiertas Textiles para la Industria E\u00f3lica","isPartOf":{"@id":"https:\/\/www.arquitex.eu\/#website"},"datePublished":"2015-03-03T12:56:50+00:00","dateModified":"2025-07-07T10:46:22+00:00","description":"Fabricantes desde 2001 de fundas y accesorios textiles para aerogeneradores, torres e\u00f3licas y m\u00e1s. Dise\u00f1o a medida.","breadcrumb":{"@id":"https:\/\/www.arquitex.eu\/about-us\/#breadcrumb"},"inLanguage":"en-US","potentialAction":[{"@type":"ReadAction","target":["https:\/\/www.arquitex.eu\/about-us\/"]}]},{"@type":"BreadcrumbList","@id":"https:\/\/www.arquitex.eu\/about-us\/#breadcrumb","itemListElement":[{"@type":"ListItem","position":1,"name":"Portada","item":"https:\/\/www.arquitex.eu\/"},{"@type":"ListItem","position":2,"name":"Sobre nosotros"}]},{"@type":"WebSite","@id":"https:\/\/www.arquitex.eu\/#website","url":"https:\/\/www.arquitex.eu\/","name":"Arquitex \/ Covers for wind industry","description":"Wind industry temporary covers","potentialAction":[{"@type":"SearchAction","target":{"@type":"EntryPoint","urlTemplate":"https:\/\/www.arquitex.eu\/?s={search_term_string}"},"query-input":{"@type":"PropertyValueSpecification","valueRequired":true,"valueName":"search_term_string"}}],"inLanguage":"en-US"}]}},"_links":{"self":[{"href":"https:\/\/www.arquitex.eu\/en\/wp-json\/wp\/v2\/pages\/256","targetHints":{"allow":["GET"]}}],"collection":[{"href":"https:\/\/www.arquitex.eu\/en\/wp-json\/wp\/v2\/pages"}],"about":[{"href":"https:\/\/www.arquitex.eu\/en\/wp-json\/wp\/v2\/types\/page"}],"author":[{"embeddable":true,"href":"https:\/\/www.arquitex.eu\/en\/wp-json\/wp\/v2\/users\/3"}],"replies":[{"embeddable":true,"href":"https:\/\/www.arquitex.eu\/en\/wp-json\/wp\/v2\/comments?post=256"}],"version-history":[{"count":28,"href":"https:\/\/www.arquitex.eu\/en\/wp-json\/wp\/v2\/pages\/256\/revisions"}],"predecessor-version":[{"id":2624,"href":"https:\/\/www.arquitex.eu\/en\/wp-json\/wp\/v2\/pages\/256\/revisions\/2624"}],"wp:attachment":[{"href":"https:\/\/www.arquitex.eu\/en\/wp-json\/wp\/v2\/media?parent=256"}],"curies":[{"name":"wp","href":"https:\/\/api.w.org\/{rel}","templated":true}]}}