{"id":1877,"date":"2018-05-11T08:06:42","date_gmt":"2018-05-11T08:06:42","guid":{"rendered":"http:\/\/www.arquitex.eu\/?page_id=1877"},"modified":"2025-07-10T12:00:40","modified_gmt":"2025-07-10T10:00:40","slug":"tpcover","status":"publish","type":"page","link":"https:\/\/www.arquitex.eu\/en\/tpcover\/","title":{"rendered":"TP Cover &#8211; Arquihat"},"content":{"rendered":"<div class=\"wpb-content-wrapper\"><p>[vc_row_inner][vc_column_text]<\/p>\n<p style=\"text-align: center;\"><img loading=\"lazy\" decoding=\"async\" class=\"aligncenter size-full wp-image-1714\" src=\"http:\/\/www.arquitex.eu\/wp-content\/uploads\/2018\/02\/ARQUIHAT.png\" alt=\"\" width=\"250\" height=\"58\" \/><\/p>\n<h1 style=\"text-align: center;\">Arquitex &#8220;Temporary cover&#8221; adaptable to any need of the wind industry<\/h1>\n<p>[\/vc_column_text][vc_text_separator][\/vc_row_inner][vc_row][vc_column][vc_text_separator][\/vc_column][\/vc_row][vc_row_inner css=&#8221;.vc_custom_1751626494827{margin-bottom: 40px !important;}&#8221;][vc_column_inner width=&#8221;1\/3&#8243;][vc_column_text]<\/p>\n<p style=\"text-align: center;\"><strong>Temporary Cover for Offshore Towers<\/strong><\/p>\n<p>[\/vc_column_text][vc_column_text]<img loading=\"lazy\" decoding=\"async\" class=\"aligncenter size-medium wp-image-1725\" src=\"http:\/\/www.arquitex.eu\/wp-content\/uploads\/2018\/02\/puerto1.jpg\" alt=\"\" width=\"300\" height=\"199\" \/>[\/vc_column_text][\/vc_column_inner][vc_column_inner width=&#8221;1\/3&#8243;][vc_column_text]<\/p>\n<p style=\"text-align: center;\"><strong>Temporary Cover for Onshore Towers<\/strong><\/p>\n<p>[\/vc_column_text][vc_column_text]<img loading=\"lazy\" decoding=\"async\" class=\"aligncenter size-medium wp-image-1727\" src=\"http:\/\/www.arquitex.eu\/wp-content\/uploads\/2018\/02\/acciona_australia.jpg\" alt=\"\" width=\"300\" height=\"199\" \/>[\/vc_column_text][\/vc_column_inner][vc_column_inner width=&#8221;1\/3&#8243;][vc_column_text]<\/p>\n<p style=\"text-align: center;\"><strong>TP-Cover, Transition piece cover<\/strong><\/p>\n<p>[\/vc_column_text][vc_column_text]<img loading=\"lazy\" decoding=\"async\" class=\"aligncenter size-medium wp-image-1728\" src=\"http:\/\/www.arquitex.eu\/wp-content\/uploads\/2018\/02\/monopiles.jpg\" alt=\"\" width=\"300\" height=\"199\" \/>[\/vc_column_text][\/vc_column_inner][\/vc_row_inner][vc_row][vc_column][vc_row_inner][vc_column_inner width=&#8221;1\/3&#8243;][vc_column_text]<img loading=\"lazy\" decoding=\"async\" class=\"aligncenter size-medium wp-image-1734\" src=\"http:\/\/www.arquitex.eu\/wp-content\/uploads\/2018\/02\/arquihatN3.jpg\" alt=\"\" width=\"300\" height=\"225\" \/><\/p>\n<p><img loading=\"lazy\" decoding=\"async\" class=\"aligncenter size-medium wp-image-1737\" src=\"http:\/\/www.arquitex.eu\/wp-content\/uploads\/2018\/02\/liftra.jpg\" alt=\"\" width=\"300\" height=\"201\" \/>[\/vc_column_text][\/vc_column_inner][vc_column_inner width=&#8221;1\/3&#8243;][vc_column_text]<\/p>\n<h4 style=\"text-align: center;\"><strong>Meet any requirement of our customers<\/strong><\/h4>\n<ul>\n<li>Custom design for any flange dimensions<\/li>\n<li>Watertight and dirt protecting cover<\/li>\n<li>Extreme weather conditions resistant<\/li>\n<li>Fast assembly by two workers<\/li>\n<li>Compact. Packed in a single package<\/li>\n<li>Can be lifted when packed or preassembled<\/li>\n<\/ul>\n<p><img loading=\"lazy\" decoding=\"async\" class=\"aligncenter wp-image-1910\" src=\"http:\/\/www.arquitex.eu\/wp-content\/uploads\/2018\/07\/ARQUIHAT-copia-1-1024x538.png\" alt=\"\" width=\"457\" height=\"240\" \/><\/p>\n<p>[\/vc_column_text][\/vc_column_inner][vc_column_inner width=&#8221;1\/3&#8243;][vc_column_text]<img loading=\"lazy\" decoding=\"async\" class=\"aligncenter wp-image-1735\" src=\"http:\/\/www.arquitex.eu\/wp-content\/uploads\/2018\/02\/arquihatN2.jpg\" alt=\"\" width=\"332\" height=\"442\" \/>[\/vc_column_text][\/vc_column_inner][\/vc_row_inner][vc_row_inner][vc_column_inner css=&#8221;.vc_custom_1751626958159{margin-top: 25px !important;}&#8221;][vc_raw_html css=&#8221;&#8221;]JTNDaWZyYW1lJTIwJTBEJTBBJTIwJTIwd2lkdGglM0QlMjI4NDAlMjIlMjAlMEQlMEElMjAlMjBoZWlnaHQlM0QlMjI0NzIlMjIlMjAlMEQlMEElMjAlMjBzcmMlM0QlMjJodHRwcyUzQSUyRiUyRnd3dy55b3V0dWJlLmNvbSUyRmVtYmVkJTJGZVBUV3kzSFg3WW8lM0ZzaSUzREpkSDN3MXBiWXJRNGN5anUlMjZtdXRlJTNEMSUyNmF1dG9wbGF5JTNEMSUyNmFtcCUzQnN0YXJ0JTNENTElMjZlbmQlM0Q4OCUyMiUyMCUwRCUwQSUyMCUyMHRpdGxlJTNEJTIyWW91VHViZSUyMHZpZGVvJTIwcGxheWVyJTIyJTIwJTBEJTBBJTIwJTIwZnJhbWVib3JkZXIlM0QlMjIwJTIyJTIwJTBEJTBBJTIwJTIwYWxsb3clM0QlMjJhY2NlbGVyb21ldGVyJTNCJTIwYXV0b3BsYXklM0IlMjBjbGlwYm9hcmQtd3JpdGUlM0IlMjBlbmNyeXB0ZWQtbWVkaWElM0IlMjBneXJvc2NvcGUlM0IlMjBwaWN0dXJlLWluLXBpY3R1cmUlM0IlMjB3ZWItc2hhcmUlMjIlMjAlMEQlMEElMjAlMjByZWZlcnJlcnBvbGljeSUzRCUyMnN0cmljdC1vcmlnaW4td2hlbi1jcm9zcy1vcmlnaW4lMjIlMjAlMEQlMEElMjAlMjBhbGxvd2Z1bGxzY3JlZW4lMEQlMEElMjAlMjBzdHlsZSUzRCUyMmRpc3BsYXklM0ElMjBibG9jayUzQiUyMG1hcmdpbiUzQSUyMDAlMjBhdXRvJTNCJTIyJTNFJTBEJTBBJTNDJTJGaWZyYW1lJTNF[\/vc_raw_html][\/vc_column_inner][\/vc_row_inner][\/vc_column][\/vc_row][vc_row css=&#8221;.vc_custom_1751626571568{margin-bottom: 20px !important;}&#8221;][vc_column width=&#8221;1\/2&#8243;][vc_column_text]<img loading=\"lazy\" decoding=\"async\" class=\"aligncenter size-large wp-image-2307\" src=\"https:\/\/www.arquitex.eu\/wp-content\/uploads\/2024\/12\/instalacion-de-la-halliade-x-vineyard-1024x768.jpg\" alt=\"montaje de la halliade x\" width=\"1024\" height=\"768\" srcset=\"https:\/\/www.arquitex.eu\/wp-content\/uploads\/2024\/12\/instalacion-de-la-halliade-x-vineyard-1024x768.jpg 1024w, https:\/\/www.arquitex.eu\/wp-content\/uploads\/2024\/12\/instalacion-de-la-halliade-x-vineyard-300x225.jpg 300w, https:\/\/www.arquitex.eu\/wp-content\/uploads\/2024\/12\/instalacion-de-la-halliade-x-vineyard-768x576.jpg 768w, https:\/\/www.arquitex.eu\/wp-content\/uploads\/2024\/12\/instalacion-de-la-halliade-x-vineyard.jpg 1200w\" sizes=\"auto, (max-width: 1024px) 100vw, 1024px\" \/>[\/vc_column_text][\/vc_column][vc_column width=&#8221;1\/2&#8243;][vc_column_text]<img loading=\"lazy\" decoding=\"async\" class=\"aligncenter size-large wp-image-2306\" src=\"https:\/\/www.arquitex.eu\/wp-content\/uploads\/2024\/12\/montaje-de-la-halliade-x-en-vineyard-1024x768.jpg\" alt=\"montaje de la halliade x en eeuu\" width=\"1024\" height=\"768\" srcset=\"https:\/\/www.arquitex.eu\/wp-content\/uploads\/2024\/12\/montaje-de-la-halliade-x-en-vineyard-1024x768.jpg 1024w, https:\/\/www.arquitex.eu\/wp-content\/uploads\/2024\/12\/montaje-de-la-halliade-x-en-vineyard-300x225.jpg 300w, https:\/\/www.arquitex.eu\/wp-content\/uploads\/2024\/12\/montaje-de-la-halliade-x-en-vineyard-768x576.jpg 768w, https:\/\/www.arquitex.eu\/wp-content\/uploads\/2024\/12\/montaje-de-la-halliade-x-en-vineyard.jpg 1200w\" sizes=\"auto, (max-width: 1024px) 100vw, 1024px\" \/>[\/vc_column_text][\/vc_column][\/vc_row]<\/p>\n<\/div>","protected":false},"excerpt":{"rendered":"<p>[vc_row_inner][vc_column_text] Arquitex &#8220;Temporary cover&#8221; adaptable to any need of the wind industry [\/vc_column_text][vc_text_separator][\/vc_row_inner][vc_row][vc_column][vc_text_separator][\/vc_column][\/vc_row][vc_row_inner css=&#8221;.vc_custom_1751626494827{margin-bottom: 40px !important;}&#8221;][vc_column_inner width=&#8221;1\/3&#8243;][vc_column_text] Temporary Cover for Offshore Towers [\/vc_column_text][vc_column_text][\/vc_column_text][\/vc_column_inner][vc_column_inner [&#8230;]<\/p>\n<p><a class=\"more-link\" href=\"https:\/\/www.arquitex.eu\/en\/tpcover\/\">Continue Reading<\/a><\/p>\n","protected":false},"author":3,"featured_media":0,"parent":0,"menu_order":0,"comment_status":"closed","ping_status":"closed","template":"template-full-width.php","meta":{"_exactmetrics_skip_tracking":false,"_exactmetrics_sitenote_active":false,"_exactmetrics_sitenote_note":"","_exactmetrics_sitenote_category":0,"footnotes":""},"class_list":["post-1877","page","type-page","status-publish","hentry"],"translation":{"provider":"WPGlobus","version":"3.0.0","language":"en","enabled_languages":["es","en"],"languages":{"es":{"title":true,"content":true,"excerpt":false},"en":{"title":true,"content":true,"excerpt":false}}},"yoast_head":"<!-- This site is optimized with the Yoast SEO plugin v26.4 - https:\/\/yoast.com\/wordpress\/plugins\/seo\/ -->\n<title>Arquihat TP-Cover: Temporary Cover for the Wind Power Industry<\/title>\n<meta name=\"description\" content=\"Arquihat TP-Cover, Arquitex&#039;s solution for temporary protection in onshore and offshore wind turbine towers. Adaptable to any diameter, waterproof, and resistant.\" \/>\n<meta name=\"robots\" content=\"index, follow, max-snippet:-1, max-image-preview:large, max-video-preview:-1\" \/>\n<link rel=\"canonical\" href=\"https:\/\/www.arquitex.eu\/tpcover\/\" \/>\n<meta property=\"og:locale\" content=\"en_US\" \/>\n<meta property=\"og:type\" content=\"article\" \/>\n<meta property=\"og:title\" content=\"{:es}Arquihat TP-Cover: Cubierta Temporal para la Industria E\u00f3lica{:}{:en}Arquihat TP-Cover: Temporary Cover for the Wind Power Industry{:}\" \/>\n<meta property=\"og:description\" content=\"Arquihat TP-Cover, Arquitex&#039;s solution for temporary protection in onshore and offshore wind turbine towers. Adaptable to any diameter, waterproof, and resistant.\" \/>\n<meta property=\"og:url\" content=\"https:\/\/www.arquitex.eu\/tpcover\/\" \/>\n<meta property=\"og:site_name\" content=\"Arquitex\" \/>\n<meta property=\"article:publisher\" content=\"https:\/\/www.facebook.com\/arquitextechnology\/\" \/>\n<meta property=\"article:modified_time\" content=\"2025-07-10T10:00:40+00:00\" \/>\n<meta name=\"twitter:card\" content=\"summary_large_image\" \/>\n<meta name=\"twitter:label1\" content=\"Est. reading time\" \/>\n\t<meta name=\"twitter:data1\" content=\"3 minutes\" \/>\n<script type=\"application\/ld+json\" class=\"yoast-schema-graph\">{\"@context\":\"https:\/\/schema.org\",\"@graph\":[{\"@type\":\"WebPage\",\"@id\":\"https:\/\/www.arquitex.eu\/tpcover\/\",\"url\":\"https:\/\/www.arquitex.eu\/tpcover\/\",\"name\":\"Arquihat TP-Cover: Cubierta Temporal para la Industria E\u00f3lica\",\"isPartOf\":{\"@id\":\"https:\/\/www.arquitex.eu\/#website\"},\"primaryImageOfPage\":{\"@id\":\"https:\/\/www.arquitex.eu\/tpcover\/#primaryimage\"},\"image\":{\"@id\":\"https:\/\/www.arquitex.eu\/tpcover\/#primaryimage\"},\"thumbnailUrl\":\"http:\/\/www.arquitex.eu\/wp-content\/uploads\/2018\/02\/ARQUIHAT.png\",\"datePublished\":\"2018-05-11T08:06:42+00:00\",\"dateModified\":\"2025-07-10T10:00:40+00:00\",\"description\":\"Arquihat TP-Cover, la soluci\u00f3n de Arquitex para protecci\u00f3n temporal en torres e\u00f3licas terrestres y marinas. Adaptable a cualquier di\u00e1metro, estanca y resistente.\",\"breadcrumb\":{\"@id\":\"https:\/\/www.arquitex.eu\/tpcover\/#breadcrumb\"},\"inLanguage\":\"en-US\",\"potentialAction\":[{\"@type\":\"ReadAction\",\"target\":[\"https:\/\/www.arquitex.eu\/tpcover\/\"]}]},{\"@type\":\"ImageObject\",\"inLanguage\":\"en-US\",\"@id\":\"https:\/\/www.arquitex.eu\/tpcover\/#primaryimage\",\"url\":\"http:\/\/www.arquitex.eu\/wp-content\/uploads\/2018\/02\/ARQUIHAT.png\",\"contentUrl\":\"http:\/\/www.arquitex.eu\/wp-content\/uploads\/2018\/02\/ARQUIHAT.png\"},{\"@type\":\"BreadcrumbList\",\"@id\":\"https:\/\/www.arquitex.eu\/tpcover\/#breadcrumb\",\"itemListElement\":[{\"@type\":\"ListItem\",\"position\":1,\"name\":\"Portada\",\"item\":\"https:\/\/www.arquitex.eu\/\"},{\"@type\":\"ListItem\",\"position\":2,\"name\":\"TP Cover &#8211; Arquihat\"}]},{\"@type\":\"WebSite\",\"@id\":\"https:\/\/www.arquitex.eu\/#website\",\"url\":\"https:\/\/www.arquitex.eu\/\",\"name\":\"Arquitex \/ Covers for wind industry\",\"description\":\"Wind industry temporary covers\",\"potentialAction\":[{\"@type\":\"SearchAction\",\"target\":{\"@type\":\"EntryPoint\",\"urlTemplate\":\"https:\/\/www.arquitex.eu\/?s={search_term_string}\"},\"query-input\":{\"@type\":\"PropertyValueSpecification\",\"valueRequired\":true,\"valueName\":\"search_term_string\"}}],\"inLanguage\":\"en-US\"}]}<\/script>\n<!-- \/ Yoast SEO plugin. -->","yoast_head_json":{"title":"Arquihat TP-Cover: Temporary Cover for the Wind Power Industry","description":"Arquihat TP-Cover, Arquitex's solution for temporary protection in onshore and offshore wind turbine towers. Adaptable to any diameter, waterproof, and resistant.","robots":{"index":"index","follow":"follow","max-snippet":"max-snippet:-1","max-image-preview":"max-image-preview:large","max-video-preview":"max-video-preview:-1"},"canonical":"https:\/\/www.arquitex.eu\/tpcover\/","og_locale":"en_US","og_type":"article","og_title":"{:es}Arquihat TP-Cover: Cubierta Temporal para la Industria E\u00f3lica{:}{:en}Arquihat TP-Cover: Temporary Cover for the Wind Power Industry{:}","og_description":"Arquihat TP-Cover, Arquitex's solution for temporary protection in onshore and offshore wind turbine towers. Adaptable to any diameter, waterproof, and resistant.","og_url":"https:\/\/www.arquitex.eu\/tpcover\/","og_site_name":"Arquitex","article_publisher":"https:\/\/www.facebook.com\/arquitextechnology\/","article_modified_time":"2025-07-10T10:00:40+00:00","twitter_card":"summary_large_image","twitter_misc":{"Est. reading time":"3 minutes"},"schema":{"@context":"https:\/\/schema.org","@graph":[{"@type":"WebPage","@id":"https:\/\/www.arquitex.eu\/tpcover\/","url":"https:\/\/www.arquitex.eu\/tpcover\/","name":"Arquihat TP-Cover: Cubierta Temporal para la Industria E\u00f3lica","isPartOf":{"@id":"https:\/\/www.arquitex.eu\/#website"},"primaryImageOfPage":{"@id":"https:\/\/www.arquitex.eu\/tpcover\/#primaryimage"},"image":{"@id":"https:\/\/www.arquitex.eu\/tpcover\/#primaryimage"},"thumbnailUrl":"http:\/\/www.arquitex.eu\/wp-content\/uploads\/2018\/02\/ARQUIHAT.png","datePublished":"2018-05-11T08:06:42+00:00","dateModified":"2025-07-10T10:00:40+00:00","description":"Arquihat TP-Cover, la soluci\u00f3n de Arquitex para protecci\u00f3n temporal en torres e\u00f3licas terrestres y marinas. Adaptable a cualquier di\u00e1metro, estanca y resistente.","breadcrumb":{"@id":"https:\/\/www.arquitex.eu\/tpcover\/#breadcrumb"},"inLanguage":"en-US","potentialAction":[{"@type":"ReadAction","target":["https:\/\/www.arquitex.eu\/tpcover\/"]}]},{"@type":"ImageObject","inLanguage":"en-US","@id":"https:\/\/www.arquitex.eu\/tpcover\/#primaryimage","url":"http:\/\/www.arquitex.eu\/wp-content\/uploads\/2018\/02\/ARQUIHAT.png","contentUrl":"http:\/\/www.arquitex.eu\/wp-content\/uploads\/2018\/02\/ARQUIHAT.png"},{"@type":"BreadcrumbList","@id":"https:\/\/www.arquitex.eu\/tpcover\/#breadcrumb","itemListElement":[{"@type":"ListItem","position":1,"name":"Portada","item":"https:\/\/www.arquitex.eu\/"},{"@type":"ListItem","position":2,"name":"TP Cover &#8211; Arquihat"}]},{"@type":"WebSite","@id":"https:\/\/www.arquitex.eu\/#website","url":"https:\/\/www.arquitex.eu\/","name":"Arquitex \/ Covers for wind industry","description":"Wind industry temporary covers","potentialAction":[{"@type":"SearchAction","target":{"@type":"EntryPoint","urlTemplate":"https:\/\/www.arquitex.eu\/?s={search_term_string}"},"query-input":{"@type":"PropertyValueSpecification","valueRequired":true,"valueName":"search_term_string"}}],"inLanguage":"en-US"}]}},"_links":{"self":[{"href":"https:\/\/www.arquitex.eu\/en\/wp-json\/wp\/v2\/pages\/1877","targetHints":{"allow":["GET"]}}],"collection":[{"href":"https:\/\/www.arquitex.eu\/en\/wp-json\/wp\/v2\/pages"}],"about":[{"href":"https:\/\/www.arquitex.eu\/en\/wp-json\/wp\/v2\/types\/page"}],"author":[{"embeddable":true,"href":"https:\/\/www.arquitex.eu\/en\/wp-json\/wp\/v2\/users\/3"}],"replies":[{"embeddable":true,"href":"https:\/\/www.arquitex.eu\/en\/wp-json\/wp\/v2\/comments?post=1877"}],"version-history":[{"count":59,"href":"https:\/\/www.arquitex.eu\/en\/wp-json\/wp\/v2\/pages\/1877\/revisions"}],"predecessor-version":[{"id":2723,"href":"https:\/\/www.arquitex.eu\/en\/wp-json\/wp\/v2\/pages\/1877\/revisions\/2723"}],"wp:attachment":[{"href":"https:\/\/www.arquitex.eu\/en\/wp-json\/wp\/v2\/media?parent=1877"}],"curies":[{"name":"wp","href":"https:\/\/api.w.org\/{rel}","templated":true}]}}