{"id":1659,"date":"2017-03-11T17:52:21","date_gmt":"2017-03-11T17:52:21","guid":{"rendered":"http:\/\/www.arquitex.eu\/?page_id=1659"},"modified":"2025-07-09T12:50:27","modified_gmt":"2025-07-09T10:50:27","slug":"arquitexplugs","status":"publish","type":"page","link":"https:\/\/www.arquitex.eu\/en\/productos\/arquitexplugs\/","title":{"rendered":"ArquitexPlugs"},"content":{"rendered":"<div class=\"wpb-content-wrapper\"><p>[vc_row css=&#8221;.vc_custom_1488451690232{margin-bottom: 0px !important;padding-top: 50px !important;padding-bottom: 0px !important;background-color: #e8e8e8 !important;}&#8221; bg_overlay=&#8221;&#8221;][vc_column width=&#8221;1\/4&#8243; css=&#8221;.vc_custom_1427872677068{padding-bottom: 30px !important;}&#8221;][vc_single_image image=&#8221;1662&#8243;][\/vc_column][vc_column width=&#8221;3\/4&#8243; css=&#8221;.vc_custom_1489254299130{padding-top: 5px !important;}&#8221;][vc_column_text css=&#8221;&#8221;]<\/p>\n<h1 style=\"text-align: right;\"><span style=\"color: #53899e;\">Plugs for painting wind tower sections<\/span><\/h1>\n<p>[\/vc_column_text][\/vc_column][\/vc_row][vc_row css=&#8221;.vc_custom_1489255738118{margin-top: 0px !important;padding-top: 15px !important;padding-bottom: 15px !important;background-color: #ffffff !important;}&#8221; bg_overlay=&#8221;&#8221;][vc_column width=&#8221;1\/4&#8243;][vc_single_image image=&#8221;1665&#8243;][\/vc_column][vc_column width=&#8221;1\/2&#8243;][vc_column_text]<\/p>\n<p data-sourcepos=\"3:1-3:218\">Arquitex paint plugs are a quick and inexpensive solution to prevent paint from reaching the area around the flange holes. These <strong>painting caps<\/strong> ensure the washer on the set screw settles correctly on the flange.<\/p>\n<p data-sourcepos=\"5:1-5:156\">Manufactured using polypropylene polymer injection molding, these <strong>caps for painting<\/strong> are reusable multiple times without requiring any solvent cleaning.<\/p>\n<p data-sourcepos=\"7:1-7:151\">The lower wings of the Plugs secure them within the flange hole, while the upper handle allows for easy removal immediately after paint application.<\/p>\n<p>[\/vc_column_text][\/vc_column][vc_column width=&#8221;1\/4&#8243;][vc_single_image image=&#8221;1666&#8243;][\/vc_column][vc_column css=&#8221;.vc_custom_1489256414558{margin-top: 15px !important;padding-top: 15px !important;padding-bottom: 15px !important;}&#8221;][vc_row_inner][vc_column_inner width=&#8221;1\/4&#8243;][vc_single_image image=&#8221;1676&#8243;][\/vc_column_inner][vc_column_inner width=&#8221;3\/4&#8243;][vc_single_image image=&#8221;1675&#8243;][\/vc_column_inner][\/vc_row_inner][\/vc_column][vc_column css=&#8221;.vc_custom_1489256441583{margin-top: 15px !important;}&#8221;][vc_row_inner][vc_column_inner width=&#8221;3\/4&#8243;][vc_column_text]<\/p>\n<p><img loading=\"lazy\" decoding=\"async\" class=\"alignleft size-medium\" src=\"http:\/\/www.arquitex.eu\/wp-content\/uploads\/2017\/03\/tabla_plugs_en.jpg\" alt=\"plug_4\" width=\"751\" height=\"217\" \/>[\/vc_column_text][\/vc_column_inner][vc_column_inner width=&#8221;1\/4&#8243;][vc_column_text]<\/p>\n<p><img loading=\"lazy\" decoding=\"async\" class=\"alignleft size-medium wp-image-1680\" src=\"http:\/\/www.arquitex.eu\/wp-content\/uploads\/2017\/03\/plug_4-300x96.png\" alt=\"plug_4\" width=\"300\" height=\"96\" \/>See solutions for other flange hole or washer diameters.[\/vc_column_text][\/vc_column_inner][\/vc_row_inner][\/vc_column][\/vc_row]<\/p>\n<\/div>","protected":false},"excerpt":{"rendered":"<p>[vc_row css=&#8221;.vc_custom_1488451690232{margin-bottom: 0px !important;padding-top: 50px !important;padding-bottom: 0px !important;background-color: #e8e8e8 !important;}&#8221; bg_overlay=&#8221;&#8221;][vc_column width=&#8221;1\/4&#8243; css=&#8221;.vc_custom_1427872677068{padding-bottom: 30px !important;}&#8221;][vc_single_image image=&#8221;1662&#8243;][\/vc_column][vc_column width=&#8221;3\/4&#8243; css=&#8221;.vc_custom_1489254299130{padding-top: 5px !important;}&#8221;][vc_column_text css=&#8221;&#8221;] Plugs for [&#8230;]<\/p>\n<p><a class=\"more-link\" href=\"https:\/\/www.arquitex.eu\/en\/productos\/arquitexplugs\/\">Continue Reading<\/a><\/p>\n","protected":false},"author":3,"featured_media":0,"parent":1214,"menu_order":6,"comment_status":"open","ping_status":"open","template":"template-full-width.php","meta":{"_exactmetrics_skip_tracking":false,"_exactmetrics_sitenote_active":false,"_exactmetrics_sitenote_note":"","_exactmetrics_sitenote_category":0,"footnotes":""},"class_list":["post-1659","page","type-page","status-publish","hentry"],"translation":{"provider":"WPGlobus","version":"3.0.0","language":"en","enabled_languages":["es","en"],"languages":{"es":{"title":true,"content":true,"excerpt":false},"en":{"title":true,"content":true,"excerpt":false}}},"yoast_head":"<!-- This site is optimized with the Yoast SEO plugin v26.4 - https:\/\/yoast.com\/wordpress\/plugins\/seo\/ -->\n<title>Arquitex Paint Plugs: Fast and Economical Protection for Wind Turbine Flanges<\/title>\n<meta name=\"description\" content=\"Arquitex plugs to protect flange holes in wind turbine towers during painting. Reusable, easy to use, and economical. Consult custom solutions!\" \/>\n<meta name=\"robots\" content=\"index, follow, max-snippet:-1, max-image-preview:large, max-video-preview:-1\" \/>\n<link rel=\"canonical\" href=\"https:\/\/www.arquitex.eu\/productos\/arquitexplugs\/\" \/>\n<meta property=\"og:locale\" content=\"en_US\" \/>\n<meta property=\"og:type\" content=\"article\" \/>\n<meta property=\"og:title\" content=\"{:es}Tapones para pintura de tramos de torres e\u00f3licas{:}{:en}Arquitex Paint Plugs: Fast and Economical Protection for Wind Turbine Flanges{:}\" \/>\n<meta property=\"og:description\" content=\"Arquitex plugs to protect flange holes in wind turbine towers during painting. Reusable, easy to use, and economical. Consult custom solutions!\" \/>\n<meta property=\"og:url\" content=\"https:\/\/www.arquitex.eu\/productos\/arquitexplugs\/\" \/>\n<meta property=\"og:site_name\" content=\"Arquitex\" \/>\n<meta property=\"article:publisher\" content=\"https:\/\/www.facebook.com\/arquitextechnology\/\" \/>\n<meta property=\"article:modified_time\" content=\"2025-07-09T10:50:27+00:00\" \/>\n<meta property=\"og:image\" content=\"http:\/\/www.arquitex.eu\/wp-content\/uploads\/2017\/03\/plug_4-300x96.png\" \/>\n<meta name=\"twitter:card\" content=\"summary_large_image\" \/>\n<meta name=\"twitter:label1\" content=\"Est. reading time\" \/>\n\t<meta name=\"twitter:data1\" content=\"3 minutes\" \/>\n<script type=\"application\/ld+json\" class=\"yoast-schema-graph\">{\"@context\":\"https:\/\/schema.org\",\"@graph\":[{\"@type\":\"WebPage\",\"@id\":\"https:\/\/www.arquitex.eu\/productos\/arquitexplugs\/\",\"url\":\"https:\/\/www.arquitex.eu\/productos\/arquitexplugs\/\",\"name\":\"Tapones para pintura de tramos de torres e\u00f3licas\",\"isPartOf\":{\"@id\":\"https:\/\/www.arquitex.eu\/#website\"},\"primaryImageOfPage\":{\"@id\":\"https:\/\/www.arquitex.eu\/productos\/arquitexplugs\/#primaryimage\"},\"image\":{\"@id\":\"https:\/\/www.arquitex.eu\/productos\/arquitexplugs\/#primaryimage\"},\"thumbnailUrl\":\"http:\/\/www.arquitex.eu\/wp-content\/uploads\/2017\/03\/plug_4-300x96.png\",\"datePublished\":\"2017-03-11T17:52:21+00:00\",\"dateModified\":\"2025-07-09T10:50:27+00:00\",\"description\":\"Tapones Arquitex para proteger los agujeros de bridas en torres e\u00f3licas durante la pintura. Reutilizables, f\u00e1ciles de usar y econ\u00f3micos.\",\"breadcrumb\":{\"@id\":\"https:\/\/www.arquitex.eu\/productos\/arquitexplugs\/#breadcrumb\"},\"inLanguage\":\"en-US\",\"potentialAction\":[{\"@type\":\"ReadAction\",\"target\":[\"https:\/\/www.arquitex.eu\/productos\/arquitexplugs\/\"]}]},{\"@type\":\"ImageObject\",\"inLanguage\":\"en-US\",\"@id\":\"https:\/\/www.arquitex.eu\/productos\/arquitexplugs\/#primaryimage\",\"url\":\"http:\/\/www.arquitex.eu\/wp-content\/uploads\/2017\/03\/plug_4-300x96.png\",\"contentUrl\":\"http:\/\/www.arquitex.eu\/wp-content\/uploads\/2017\/03\/plug_4-300x96.png\"},{\"@type\":\"BreadcrumbList\",\"@id\":\"https:\/\/www.arquitex.eu\/productos\/arquitexplugs\/#breadcrumb\",\"itemListElement\":[{\"@type\":\"ListItem\",\"position\":1,\"name\":\"Portada\",\"item\":\"https:\/\/www.arquitex.eu\/\"},{\"@type\":\"ListItem\",\"position\":2,\"name\":\"soluciones para la industria e\u00f3lica\",\"item\":\"https:\/\/www.arquitex.eu\/productos\/\"},{\"@type\":\"ListItem\",\"position\":3,\"name\":\"ArquitexPlugs\"}]},{\"@type\":\"WebSite\",\"@id\":\"https:\/\/www.arquitex.eu\/#website\",\"url\":\"https:\/\/www.arquitex.eu\/\",\"name\":\"Arquitex \/ Covers for wind industry\",\"description\":\"Wind industry temporary covers\",\"potentialAction\":[{\"@type\":\"SearchAction\",\"target\":{\"@type\":\"EntryPoint\",\"urlTemplate\":\"https:\/\/www.arquitex.eu\/?s={search_term_string}\"},\"query-input\":{\"@type\":\"PropertyValueSpecification\",\"valueRequired\":true,\"valueName\":\"search_term_string\"}}],\"inLanguage\":\"en-US\"}]}<\/script>\n<!-- \/ Yoast SEO plugin. -->","yoast_head_json":{"title":"Arquitex Paint Plugs: Fast and Economical Protection for Wind Turbine Flanges","description":"Arquitex plugs to protect flange holes in wind turbine towers during painting. Reusable, easy to use, and economical. Consult custom solutions!","robots":{"index":"index","follow":"follow","max-snippet":"max-snippet:-1","max-image-preview":"max-image-preview:large","max-video-preview":"max-video-preview:-1"},"canonical":"https:\/\/www.arquitex.eu\/productos\/arquitexplugs\/","og_locale":"en_US","og_type":"article","og_title":"{:es}Tapones para pintura de tramos de torres e\u00f3licas{:}{:en}Arquitex Paint Plugs: Fast and Economical Protection for Wind Turbine Flanges{:}","og_description":"Arquitex plugs to protect flange holes in wind turbine towers during painting. Reusable, easy to use, and economical. Consult custom solutions!","og_url":"https:\/\/www.arquitex.eu\/productos\/arquitexplugs\/","og_site_name":"Arquitex","article_publisher":"https:\/\/www.facebook.com\/arquitextechnology\/","article_modified_time":"2025-07-09T10:50:27+00:00","og_image":[{"url":"http:\/\/www.arquitex.eu\/wp-content\/uploads\/2017\/03\/plug_4-300x96.png","type":"","width":"","height":""}],"twitter_card":"summary_large_image","twitter_misc":{"Est. reading time":"3 minutes"},"schema":{"@context":"https:\/\/schema.org","@graph":[{"@type":"WebPage","@id":"https:\/\/www.arquitex.eu\/productos\/arquitexplugs\/","url":"https:\/\/www.arquitex.eu\/productos\/arquitexplugs\/","name":"Tapones para pintura de tramos de torres e\u00f3licas","isPartOf":{"@id":"https:\/\/www.arquitex.eu\/#website"},"primaryImageOfPage":{"@id":"https:\/\/www.arquitex.eu\/productos\/arquitexplugs\/#primaryimage"},"image":{"@id":"https:\/\/www.arquitex.eu\/productos\/arquitexplugs\/#primaryimage"},"thumbnailUrl":"http:\/\/www.arquitex.eu\/wp-content\/uploads\/2017\/03\/plug_4-300x96.png","datePublished":"2017-03-11T17:52:21+00:00","dateModified":"2025-07-09T10:50:27+00:00","description":"Tapones Arquitex para proteger los agujeros de bridas en torres e\u00f3licas durante la pintura. Reutilizables, f\u00e1ciles de usar y econ\u00f3micos.","breadcrumb":{"@id":"https:\/\/www.arquitex.eu\/productos\/arquitexplugs\/#breadcrumb"},"inLanguage":"en-US","potentialAction":[{"@type":"ReadAction","target":["https:\/\/www.arquitex.eu\/productos\/arquitexplugs\/"]}]},{"@type":"ImageObject","inLanguage":"en-US","@id":"https:\/\/www.arquitex.eu\/productos\/arquitexplugs\/#primaryimage","url":"http:\/\/www.arquitex.eu\/wp-content\/uploads\/2017\/03\/plug_4-300x96.png","contentUrl":"http:\/\/www.arquitex.eu\/wp-content\/uploads\/2017\/03\/plug_4-300x96.png"},{"@type":"BreadcrumbList","@id":"https:\/\/www.arquitex.eu\/productos\/arquitexplugs\/#breadcrumb","itemListElement":[{"@type":"ListItem","position":1,"name":"Portada","item":"https:\/\/www.arquitex.eu\/"},{"@type":"ListItem","position":2,"name":"soluciones para la industria e\u00f3lica","item":"https:\/\/www.arquitex.eu\/productos\/"},{"@type":"ListItem","position":3,"name":"ArquitexPlugs"}]},{"@type":"WebSite","@id":"https:\/\/www.arquitex.eu\/#website","url":"https:\/\/www.arquitex.eu\/","name":"Arquitex \/ Covers for wind industry","description":"Wind industry temporary covers","potentialAction":[{"@type":"SearchAction","target":{"@type":"EntryPoint","urlTemplate":"https:\/\/www.arquitex.eu\/?s={search_term_string}"},"query-input":{"@type":"PropertyValueSpecification","valueRequired":true,"valueName":"search_term_string"}}],"inLanguage":"en-US"}]}},"_links":{"self":[{"href":"https:\/\/www.arquitex.eu\/en\/wp-json\/wp\/v2\/pages\/1659","targetHints":{"allow":["GET"]}}],"collection":[{"href":"https:\/\/www.arquitex.eu\/en\/wp-json\/wp\/v2\/pages"}],"about":[{"href":"https:\/\/www.arquitex.eu\/en\/wp-json\/wp\/v2\/types\/page"}],"author":[{"embeddable":true,"href":"https:\/\/www.arquitex.eu\/en\/wp-json\/wp\/v2\/users\/3"}],"replies":[{"embeddable":true,"href":"https:\/\/www.arquitex.eu\/en\/wp-json\/wp\/v2\/comments?post=1659"}],"version-history":[{"count":11,"href":"https:\/\/www.arquitex.eu\/en\/wp-json\/wp\/v2\/pages\/1659\/revisions"}],"predecessor-version":[{"id":2748,"href":"https:\/\/www.arquitex.eu\/en\/wp-json\/wp\/v2\/pages\/1659\/revisions\/2748"}],"up":[{"embeddable":true,"href":"https:\/\/www.arquitex.eu\/en\/wp-json\/wp\/v2\/pages\/1214"}],"wp:attachment":[{"href":"https:\/\/www.arquitex.eu\/en\/wp-json\/wp\/v2\/media?parent=1659"}],"curies":[{"name":"wp","href":"https:\/\/api.w.org\/{rel}","templated":true}]}}