{"id":1384,"date":"2017-03-02T16:17:02","date_gmt":"2017-03-02T16:17:02","guid":{"rendered":"http:\/\/www.arquitex.eu\/?page_id=1384"},"modified":"2025-07-10T11:46:42","modified_gmt":"2025-07-10T09:46:42","slug":"productoswind","status":"publish","type":"page","link":"https:\/\/www.arquitex.eu\/en\/productos\/productoswind\/","title":{"rendered":"ArquitexWind"},"content":{"rendered":"<div class=\"wpb-content-wrapper\"><p>[vc_row css=&#8221;.vc_custom_1488451690232{margin-bottom: 0px !important;padding-top: 50px !important;padding-bottom: 0px !important;background-color: #e8e8e8 !important;}&#8221; bg_overlay=&#8221;&#8221;][vc_column width=&#8221;1\/4&#8243; css=&#8221;.vc_custom_1427872677068{padding-bottom: 30px !important;}&#8221;][vc_single_image image=&#8221;1371&#8243;][\/vc_column][vc_column width=&#8221;3\/4&#8243; css=&#8221;.vc_custom_1489254299130{padding-top: 5px !important;}&#8221;][vc_column_text css=&#8221;&#8221;]<\/p>\n<h1 style=\"text-align: right;\"><span style=\"color: #53899e;\">Textile protections for wind industry<\/span><\/h1>\n<p>[\/vc_column_text][\/vc_column][\/vc_row][vc_row][vc_column][vc_accordion collapsible=&#8221;yes&#8221;][vc_accordion_tab title=&#8221;Onshore wind towers &#8211; Arquitex Model&#8221;][vc_row_inner vertical_align=&#8221;&#8221; css=&#8221;.vc_custom_1489165819698{margin-bottom: 0px !important;border-bottom-width: 0px !important;padding-bottom: 0px !important;}&#8221;][vc_column_inner width=&#8221;1\/2&#8243;][vc_single_image image=&#8221;1445&#8243;][vc_single_image image=&#8221;1447&#8243;][vc_column_text]<\/p>\n<h2>Tower section cover<\/h2>\n<p>[\/vc_column_text][\/vc_column_inner][vc_column_inner width=&#8221;1\/2&#8243;][vc_column_text]<\/p>\n<h2>Onshore Covers<\/h2>\n<p>Economical, efficient and easy to install tower awnings thanks to the patented Arquitex caps, available in 11 different diameters from \u00d820 to \u00d867 mm.<\/p>\n<p><a href=\"http:\/\/www.arquitex.eu\/wp-content\/uploads\/2017\/03\/taponespeq1.png\"><img loading=\"lazy\" decoding=\"async\" class=\"alignleft size-medium wp-image-1456\" src=\"http:\/\/www.arquitex.eu\/wp-content\/uploads\/2017\/03\/taponespeq1.png\" alt=\"taponespeq\" width=\"170\" height=\"100\" \/><\/a>\u00a0 \u00a0<img loading=\"lazy\" decoding=\"async\" class=\"alignleft wp-image-1452\" src=\"http:\/\/www.arquitex.eu\/wp-content\/uploads\/2017\/03\/puerto-onshore2-300x104.jpg\" alt=\"puerto onshore2\" width=\"312\" height=\"108\" srcset=\"https:\/\/www.arquitex.eu\/wp-content\/uploads\/2017\/03\/puerto-onshore2-300x104.jpg 300w, https:\/\/www.arquitex.eu\/wp-content\/uploads\/2017\/03\/puerto-onshore2.jpg 661w\" sizes=\"auto, (max-width: 312px) 100vw, 312px\" \/><\/p>\n<p>Allows the installation of lifting lugs, truck or ship lashing slings, transport frames&#8230;by simply removing the necessary plugs.<br \/>\nThey can be supplied with windows, doors, aerators, document holders&#8230;[\/vc_column_text][vc_single_image image=&#8221;1343&#8243;][\/vc_column_inner][\/vc_row_inner][\/vc_accordion_tab][vc_accordion_tab title=&#8221;Onshore wind towers &#8211; Customized models&#8221;][vc_column_text]<\/p>\n<h2>Onshore covers &#8211; Customized model<\/h2>\n<p>[\/vc_column_text][vc_row_inner vertical_align=&#8221;&#8221; css=&#8221;.vc_custom_1488903152320{margin-bottom: 0px !important;border-bottom-width: 0px !important;padding-bottom: 0px !important;}&#8221;][vc_column_inner width=&#8221;1\/2&#8243;][vc_single_image image=&#8221;1415&#8243;][vc_column_text]<strong>Awnings adapted to the requirements of our customers.<\/strong><\/p>\n<p><img loading=\"lazy\" decoding=\"async\" class=\"alignleft wp-image-1285\" src=\"http:\/\/www.arquitex.eu\/wp-content\/uploads\/2015\/03\/IMG_4633-e1489163359928-300x261.jpg\" alt=\"IMG_4633\" width=\"193\" height=\"188\" \/>It is possible to add windows and doors with Velcro or zipper closure, aerators, auxiliary windows for lifting lugs or land and sea transport, different solutions for the integration of the awning to the transport frame, awning centerers, internal reinforcements for large diameters, document holders&#8230;[\/vc_column_text][vc_column_text]<img loading=\"lazy\" decoding=\"async\" class=\"alignleft size-full wp-image-1633\" src=\"http:\/\/www.arquitex.eu\/wp-content\/uploads\/2017\/03\/taponespeq.jpg\" alt=\"taponespeq\" width=\"193\" height=\"100\" \/>The incorporation of the patented Arquitex plugs in the awning facilitates its installation and increases its resistance to extreme winds.[\/vc_column_text][\/vc_column_inner][vc_column_inner width=&#8221;1\/2&#8243;][vc_single_image image=&#8221;1350&#8243;][vc_single_image image=&#8221;1353&#8243;][\/vc_column_inner][\/vc_row_inner][vc_row_inner vertical_align=&#8221;&#8221; css=&#8221;.vc_custom_1489163505890{margin-top: 0px !important;border-top-width: 0px !important;padding-top: 10px !important;}&#8221;][vc_column_inner][vc_single_image image=&#8221;1308&#8243;][\/vc_column_inner][\/vc_row_inner][\/vc_accordion_tab][vc_accordion_tab title=&#8221;Offshore wind towers&#8221;][vc_column_text]<\/p>\n<h2>Offshore covers<\/h2>\n<p>[\/vc_column_text][vc_row_inner vertical_align=&#8221;&#8221; css=&#8221;.vc_custom_1489165849046{margin-bottom: 0px !important;border-bottom-width: 0px !important;padding-bottom: 0px !important;}&#8221;][vc_column_inner width=&#8221;1\/2&#8243;][vc_single_image image=&#8221;1424&#8243;][vc_column_text]It offers manufacturing alternatives in spite of its high weight, large diameters, special parts for vertical lifting of the section, large support and transport tools, T-flanges in Section 1, strict requirements for slinging on the ship, etc&#8230;<\/p>\n<p><img loading=\"lazy\" decoding=\"async\" class=\"alignleft wp-image-1456\" src=\"http:\/\/www.arquitex.eu\/wp-content\/uploads\/2017\/03\/taponespeq1.png\" alt=\"taponespeq\" width=\"153\" height=\"69\" \/>The incorporation of the patented Arquitex plugs in the awning facilitates its installation and increases its resistance to extreme winds.[\/vc_column_text][\/vc_column_inner][vc_column_inner width=&#8221;1\/2&#8243;][vc_column_text]Arquitex manufactures awnings for Offshore Towers including effective solutions to the demanding requirements of these wind turbine towers.[\/vc_column_text][vc_single_image image=&#8221;1593&#8243;][\/vc_column_inner][\/vc_row_inner][vc_row_inner vertical_align=&#8221;&#8221; css=&#8221;.vc_custom_1489165780751{margin-top: 0px !important;border-top-width: 0px !important;padding-top: 0px !important;}&#8221;][vc_column_inner width=&#8221;1\/4&#8243;][vc_single_image image=&#8221;1427&#8243;][\/vc_column_inner][vc_column_inner width=&#8221;1\/4&#8243;][vc_single_image image=&#8221;1428&#8243;][\/vc_column_inner][vc_column_inner width=&#8221;1\/4&#8243;][vc_single_image image=&#8221;1482&#8243;][\/vc_column_inner][vc_column_inner width=&#8221;1\/4&#8243;][vc_column_text]<img loading=\"lazy\" decoding=\"async\" class=\"alignleft wp-image-1511\" src=\"http:\/\/www.arquitex.eu\/wp-content\/uploads\/2017\/03\/cub_red-e1489165963164-300x172.jpg\" alt=\"cub_red\" width=\"295\" height=\"169\" srcset=\"https:\/\/www.arquitex.eu\/wp-content\/uploads\/2017\/03\/cub_red-e1489165963164-300x172.jpg 300w, https:\/\/www.arquitex.eu\/wp-content\/uploads\/2017\/03\/cub_red-e1489165963164.jpg 504w\" sizes=\"auto, (max-width: 295px) 100vw, 295px\" \/>Interior reinforcements[\/vc_column_text][\/vc_column_inner][\/vc_row_inner][\/vc_accordion_tab][vc_accordion_tab title=&#8221;ARQUIHAT the Temporary Cover by Arquitex&#8221;][vc_row_inner][vc_column_inner][vc_column_text]<\/p>\n<p style=\"text-align: center;\"><img loading=\"lazy\" decoding=\"async\" class=\"aligncenter size-full wp-image-1714\" src=\"http:\/\/www.arquitex.eu\/wp-content\/uploads\/2018\/02\/ARQUIHAT.png\" alt=\"\" width=\"250\" height=\"58\" \/><\/p>\n<h3 style=\"text-align: center;\">The Temporary Cover by Arquitex, for every need in the wind industry<\/h3>\n<p>[\/vc_column_text][vc_text_separator][\/vc_column_inner][\/vc_row_inner][vc_row_inner][vc_column_inner width=&#8221;1\/3&#8243;][vc_column_text]<\/p>\n<p style=\"text-align: center;\"><strong>Temporary Cover for Offshore Towers<\/strong><\/p>\n<p>[\/vc_column_text][vc_column_text]<img loading=\"lazy\" decoding=\"async\" class=\"aligncenter size-medium wp-image-1725\" src=\"http:\/\/www.arquitex.eu\/wp-content\/uploads\/2018\/02\/puerto1.jpg\" alt=\"\" width=\"300\" height=\"199\" \/>[\/vc_column_text][\/vc_column_inner][vc_column_inner width=&#8221;1\/3&#8243;][vc_column_text]<\/p>\n<p style=\"text-align: center;\"><strong>Temporary Cover for Onshore Towers<\/strong><\/p>\n<p>[\/vc_column_text][vc_column_text]<img loading=\"lazy\" decoding=\"async\" class=\"aligncenter size-medium wp-image-1727\" src=\"http:\/\/www.arquitex.eu\/wp-content\/uploads\/2018\/02\/acciona_australia.jpg\" alt=\"\" width=\"300\" height=\"199\" \/>[\/vc_column_text][\/vc_column_inner][vc_column_inner width=&#8221;1\/3&#8243;][vc_column_text]<\/p>\n<p style=\"text-align: center;\"><strong>TP-Cover, Transition piece cover<\/strong><\/p>\n<p>[\/vc_column_text][vc_column_text]<img loading=\"lazy\" decoding=\"async\" class=\"aligncenter size-medium wp-image-1728\" src=\"http:\/\/www.arquitex.eu\/wp-content\/uploads\/2018\/02\/monopiles.jpg\" alt=\"\" width=\"300\" height=\"199\" \/>[\/vc_column_text][\/vc_column_inner][\/vc_row_inner][vc_text_separator][vc_row_inner][vc_column_inner width=&#8221;1\/3&#8243;][vc_column_text]<img loading=\"lazy\" decoding=\"async\" class=\"aligncenter size-medium wp-image-1734\" src=\"http:\/\/www.arquitex.eu\/wp-content\/uploads\/2018\/02\/arquihatN3.jpg\" alt=\"\" width=\"300\" height=\"225\" \/><\/p>\n<p><img loading=\"lazy\" decoding=\"async\" class=\"aligncenter size-medium wp-image-1737\" src=\"http:\/\/www.arquitex.eu\/wp-content\/uploads\/2018\/02\/liftra.jpg\" alt=\"\" width=\"300\" height=\"201\" \/>[\/vc_column_text][\/vc_column_inner][vc_column_inner width=&#8221;1\/3&#8243;][vc_column_text]Adapted to any need of our customers<\/p>\n<ul>\n<li>Can be manufactured in any required diameter<\/li>\n<li>Totally watertight<\/li>\n<li>Resistant to extreme weather conditions<\/li>\n<li>Quick assembly by 2 people<\/li>\n<li>Packed in a single package<\/li>\n<\/ul>\n<p>[\/vc_column_text][vc_column_text]<img loading=\"lazy\" decoding=\"async\" class=\"aligncenter size-full wp-image-2314\" src=\"https:\/\/www.arquitex.eu\/wp-content\/uploads\/2024\/12\/tp-cover-8-ejes-haliadex.png\" alt=\"tc cover 8 ejes\" width=\"338\" height=\"177\" srcset=\"https:\/\/www.arquitex.eu\/wp-content\/uploads\/2024\/12\/tp-cover-8-ejes-haliadex.png 338w, https:\/\/www.arquitex.eu\/wp-content\/uploads\/2024\/12\/tp-cover-8-ejes-haliadex-300x157.png 300w\" sizes=\"auto, (max-width: 338px) 100vw, 338px\" \/>[\/vc_column_text][\/vc_column_inner][vc_column_inner width=&#8221;1\/3&#8243;][vc_column_text]<img loading=\"lazy\" decoding=\"async\" class=\"aligncenter size-medium wp-image-1735\" src=\"http:\/\/www.arquitex.eu\/wp-content\/uploads\/2018\/02\/arquihatN2.jpg\" alt=\"\" width=\"225\" height=\"300\" \/>[\/vc_column_text][\/vc_column_inner][\/vc_row_inner][\/vc_accordion_tab][vc_accordion_tab title=&#8221;Nacelles&#8221;][vc_row_inner][vc_column_inner width=&#8221;1\/3&#8243;][vc_single_image image=&#8221;1538&#8243;][\/vc_column_inner][vc_column_inner width=&#8221;1\/3&#8243;][vc_column_text]Partial front or integral protections of the Nacelle, including transport tools.<\/p>\n<p>Integral protections are precisely adapted to their geometry to facilitate their installation and guarantee their watertightness and resistance in land or sea transports.<\/p>\n<p>Effective solutions for overhead doors or windows with opening and closing from the inside.[\/vc_column_text][\/vc_column_inner][vc_column_inner width=&#8221;1\/3&#8243; css=&#8221;.vc_custom_1489062539018{padding-top: 0px !important;}&#8221;][vc_single_image image=&#8221;1537&#8243;][\/vc_column_inner][vc_column_inner css=&#8221;.vc_custom_1489062561622{padding-top: 20px !important;}&#8221;][vc_single_image image=&#8221;1534&#8243;][\/vc_column_inner][\/vc_row_inner][\/vc_accordion_tab][vc_accordion_tab title=&#8221;Hubs&#8221;][vc_row_inner][vc_column_inner width=&#8221;1\/3&#8243;][vc_single_image image=&#8221;1467&#8243;][\/vc_column_inner][vc_column_inner width=&#8221;2\/3&#8243;][vc_single_image image=&#8221;1489&#8243;][\/vc_column_inner][vc_column_inner css=&#8221;.vc_custom_1488883574310{padding-top: 15px !important;}&#8221;][vc_column_text]Integral shields for complete or &#8220;no fiber&#8221; hubs, including transport tooling. Covers for hub bearings.<\/p>\n<p>Precisely adapted to the geometry of the hub to facilitate their installation and ensure their tightness and resistance in land or sea transports.[\/vc_column_text][vc_single_image image=&#8221;1466&#8243;][\/vc_column_inner][\/vc_row_inner][\/vc_accordion_tab][vc_accordion_tab title=&#8221;Blades&#8221;][vc_column_text]<\/p>\n<h2>Blade Cover<\/h2>\n<p>[\/vc_column_text][vc_row_inner][vc_column_inner width=&#8221;2\/3&#8243;][vc_single_image image=&#8221;1550&#8243;][vc_column_text]<\/p>\n<h2>\u00a0Root cover<\/h2>\n<p>[\/vc_column_text][\/vc_column_inner][vc_column_inner width=&#8221;1\/3&#8243;][vc_column_text]Root protections, including or not the transport tooling.<\/p>\n<p>Also Protections for sectioned blades<br \/>\n( Root \/ Inboard \/ Outboard ).<\/p>\n<p>Optional additional fixing of the tarpaulin by means of Arquitex plugs for positioning and reinforcement during transport.[\/vc_column_text][vc_single_image image=&#8221;1546&#8243; css=&#8221;.vc_custom_1489067967016{padding-top: 20px !important;}&#8221;][\/vc_column_inner][\/vc_row_inner][vc_row_inner][vc_column_inner width=&#8221;1\/3&#8243;][vc_single_image image=&#8221;1547&#8243;][\/vc_column_inner][vc_column_inner width=&#8221;1\/3&#8243;][vc_single_image image=&#8221;1545&#8243;][\/vc_column_inner][vc_column_inner width=&#8221;1\/3&#8243;][vc_single_image image=&#8221;1544&#8243;][\/vc_column_inner][\/vc_row_inner][\/vc_accordion_tab][vc_accordion_tab title=&#8221;Drive Train&#8221;][vc_row_inner][vc_column_inner width=&#8221;1\/4&#8243;][vc_column_text]Integral protections for Drive Trains including transport tooling.<\/p>\n<p>Compatible with pre-shrinkage.<\/p>\n<p>Optional design with lifting slings also integrated in the protection.[\/vc_column_text][vc_single_image image=&#8221;1607&#8243;][\/vc_column_inner][vc_column_inner width=&#8221;1\/4&#8243;][vc_single_image image=&#8221;1557&#8243;][vc_single_image image=&#8221;1558&#8243;][\/vc_column_inner][vc_column_inner width=&#8221;1\/2&#8243;][vc_single_image image=&#8221;1560&#8243;][\/vc_column_inner][\/vc_row_inner][vc_row_inner][vc_column_inner width=&#8221;1\/2&#8243;][vc_single_image image=&#8221;1562&#8243;][\/vc_column_inner][vc_column_inner width=&#8221;1\/2&#8243;][vc_single_image image=&#8221;1563&#8243;][\/vc_column_inner][\/vc_row_inner][\/vc_accordion_tab][vc_accordion_tab title=&#8221;Other protections&#8221;][vc_row_inner][vc_column_inner width=&#8221;1\/3&#8243;][vc_single_image image=&#8221;1566&#8243;][vc_single_image image=&#8221;1565&#8243;][vc_single_image image=&#8221;1569&#8243;][\/vc_column_inner][vc_column_inner width=&#8221;1\/3&#8243;][vc_column_text]Covers for doors or door frames of Wind Towers.<\/p>\n<p>Textile complements for internal assemblies (anti-fall nets, cable passes, flexible ventilation ducts&#8230;).<\/p>\n<p>Protections for the storage of Wind Turbine Installation and Assembly tools.<\/p>\n<p>Protection solutions for any other Wind Turbine element:<br \/>\nPre-assembled cooling, special bushings&#8230;[\/vc_column_text][vc_single_image image=&#8221;1612&#8243;][\/vc_column_inner][vc_column_inner width=&#8221;1\/3&#8243;][vc_single_image image=&#8221;1567&#8243;][vc_single_image image=&#8221;1611&#8243;][\/vc_column_inner][\/vc_row_inner][\/vc_accordion_tab][\/vc_accordion][\/vc_column][\/vc_row]<\/p>\n<\/div>","protected":false},"excerpt":{"rendered":"<p>[vc_row css=&#8221;.vc_custom_1488451690232{margin-bottom: 0px !important;padding-top: 50px !important;padding-bottom: 0px !important;background-color: #e8e8e8 !important;}&#8221; bg_overlay=&#8221;&#8221;][vc_column width=&#8221;1\/4&#8243; css=&#8221;.vc_custom_1427872677068{padding-bottom: 30px !important;}&#8221;][vc_single_image image=&#8221;1371&#8243;][\/vc_column][vc_column width=&#8221;3\/4&#8243; css=&#8221;.vc_custom_1489254299130{padding-top: 5px !important;}&#8221;][vc_column_text css=&#8221;&#8221;] Textile protections [&#8230;]<\/p>\n<p><a class=\"more-link\" href=\"https:\/\/www.arquitex.eu\/en\/productos\/productoswind\/\">Continue Reading<\/a><\/p>\n","protected":false},"author":3,"featured_media":0,"parent":1214,"menu_order":4,"comment_status":"open","ping_status":"open","template":"template-full-width.php","meta":{"_exactmetrics_skip_tracking":false,"_exactmetrics_sitenote_active":false,"_exactmetrics_sitenote_note":"","_exactmetrics_sitenote_category":0,"footnotes":""},"class_list":["post-1384","page","type-page","status-publish","hentry"],"translation":{"provider":"WPGlobus","version":"3.0.0","language":"en","enabled_languages":["es","en"],"languages":{"es":{"title":true,"content":true,"excerpt":false},"en":{"title":true,"content":true,"excerpt":false}}},"yoast_head":"<!-- This site is optimized with the Yoast SEO plugin v26.4 - https:\/\/yoast.com\/wordpress\/plugins\/seo\/ -->\n<title>Textile protections for wind industry<\/title>\n<meta name=\"description\" content=\"Onshores covers, offshore covers - textile protections for wind industry. Blade cover. Root cover\" \/>\n<meta name=\"robots\" content=\"index, follow, max-snippet:-1, max-image-preview:large, max-video-preview:-1\" \/>\n<link rel=\"canonical\" href=\"https:\/\/www.arquitex.eu\/productos\/productoswind\/\" \/>\n<meta property=\"og:locale\" content=\"en_US\" \/>\n<meta property=\"og:type\" content=\"article\" \/>\n<meta property=\"og:title\" content=\"{:es}Cubiertas textil para la industria e\u00f3lica{:}{:en}Textile protections for wind industry{:}\" \/>\n<meta property=\"og:description\" content=\"Onshores covers, offshore covers - textile protections for wind industry. Blade cover. Root cover\" \/>\n<meta property=\"og:url\" content=\"https:\/\/www.arquitex.eu\/productos\/productoswind\/\" \/>\n<meta property=\"og:site_name\" content=\"Arquitex\" \/>\n<meta property=\"article:publisher\" content=\"https:\/\/www.facebook.com\/arquitextechnology\/\" \/>\n<meta property=\"article:modified_time\" content=\"2025-07-10T09:46:42+00:00\" \/>\n<meta property=\"og:image\" content=\"http:\/\/www.arquitex.eu\/wp-content\/uploads\/2017\/03\/taponespeq1.png\" \/>\n<meta name=\"twitter:card\" content=\"summary_large_image\" \/>\n<meta name=\"twitter:label1\" content=\"Est. reading time\" \/>\n\t<meta name=\"twitter:data1\" content=\"14 minutes\" \/>\n<script type=\"application\/ld+json\" class=\"yoast-schema-graph\">{\"@context\":\"https:\/\/schema.org\",\"@graph\":[{\"@type\":\"WebPage\",\"@id\":\"https:\/\/www.arquitex.eu\/productos\/productoswind\/\",\"url\":\"https:\/\/www.arquitex.eu\/productos\/productoswind\/\",\"name\":\"Cubiertas textil para la industria e\u00f3lica\",\"isPartOf\":{\"@id\":\"https:\/\/www.arquitex.eu\/#website\"},\"primaryImageOfPage\":{\"@id\":\"https:\/\/www.arquitex.eu\/productos\/productoswind\/#primaryimage\"},\"image\":{\"@id\":\"https:\/\/www.arquitex.eu\/productos\/productoswind\/#primaryimage\"},\"thumbnailUrl\":\"http:\/\/www.arquitex.eu\/wp-content\/uploads\/2017\/03\/taponespeq1.png\",\"datePublished\":\"2017-03-02T16:17:02+00:00\",\"dateModified\":\"2025-07-10T09:46:42+00:00\",\"description\":\"Cubiertas textil para la industria para torres e\u00f3licas terrestres y marinas. Instalaci\u00f3n r\u00e1pida y sencilla..\",\"breadcrumb\":{\"@id\":\"https:\/\/www.arquitex.eu\/productos\/productoswind\/#breadcrumb\"},\"inLanguage\":\"en-US\",\"potentialAction\":[{\"@type\":\"ReadAction\",\"target\":[\"https:\/\/www.arquitex.eu\/productos\/productoswind\/\"]}]},{\"@type\":\"ImageObject\",\"inLanguage\":\"en-US\",\"@id\":\"https:\/\/www.arquitex.eu\/productos\/productoswind\/#primaryimage\",\"url\":\"http:\/\/www.arquitex.eu\/wp-content\/uploads\/2017\/03\/taponespeq1.png\",\"contentUrl\":\"http:\/\/www.arquitex.eu\/wp-content\/uploads\/2017\/03\/taponespeq1.png\"},{\"@type\":\"BreadcrumbList\",\"@id\":\"https:\/\/www.arquitex.eu\/productos\/productoswind\/#breadcrumb\",\"itemListElement\":[{\"@type\":\"ListItem\",\"position\":1,\"name\":\"Portada\",\"item\":\"https:\/\/www.arquitex.eu\/\"},{\"@type\":\"ListItem\",\"position\":2,\"name\":\"soluciones para la industria e\u00f3lica\",\"item\":\"https:\/\/www.arquitex.eu\/productos\/\"},{\"@type\":\"ListItem\",\"position\":3,\"name\":\"ArquitexWind\"}]},{\"@type\":\"WebSite\",\"@id\":\"https:\/\/www.arquitex.eu\/#website\",\"url\":\"https:\/\/www.arquitex.eu\/\",\"name\":\"Arquitex \/ Covers for wind industry\",\"description\":\"Wind industry temporary covers\",\"potentialAction\":[{\"@type\":\"SearchAction\",\"target\":{\"@type\":\"EntryPoint\",\"urlTemplate\":\"https:\/\/www.arquitex.eu\/?s={search_term_string}\"},\"query-input\":{\"@type\":\"PropertyValueSpecification\",\"valueRequired\":true,\"valueName\":\"search_term_string\"}}],\"inLanguage\":\"en-US\"}]}<\/script>\n<!-- \/ Yoast SEO plugin. -->","yoast_head_json":{"title":"Textile protections for wind industry","description":"Onshores covers, offshore covers - textile protections for wind industry. Blade cover. Root cover","robots":{"index":"index","follow":"follow","max-snippet":"max-snippet:-1","max-image-preview":"max-image-preview:large","max-video-preview":"max-video-preview:-1"},"canonical":"https:\/\/www.arquitex.eu\/productos\/productoswind\/","og_locale":"en_US","og_type":"article","og_title":"{:es}Cubiertas textil para la industria e\u00f3lica{:}{:en}Textile protections for wind industry{:}","og_description":"Onshores covers, offshore covers - textile protections for wind industry. Blade cover. Root cover","og_url":"https:\/\/www.arquitex.eu\/productos\/productoswind\/","og_site_name":"Arquitex","article_publisher":"https:\/\/www.facebook.com\/arquitextechnology\/","article_modified_time":"2025-07-10T09:46:42+00:00","og_image":[{"url":"http:\/\/www.arquitex.eu\/wp-content\/uploads\/2017\/03\/taponespeq1.png","type":"","width":"","height":""}],"twitter_card":"summary_large_image","twitter_misc":{"Est. reading time":"14 minutes"},"schema":{"@context":"https:\/\/schema.org","@graph":[{"@type":"WebPage","@id":"https:\/\/www.arquitex.eu\/productos\/productoswind\/","url":"https:\/\/www.arquitex.eu\/productos\/productoswind\/","name":"Cubiertas textil para la industria e\u00f3lica","isPartOf":{"@id":"https:\/\/www.arquitex.eu\/#website"},"primaryImageOfPage":{"@id":"https:\/\/www.arquitex.eu\/productos\/productoswind\/#primaryimage"},"image":{"@id":"https:\/\/www.arquitex.eu\/productos\/productoswind\/#primaryimage"},"thumbnailUrl":"http:\/\/www.arquitex.eu\/wp-content\/uploads\/2017\/03\/taponespeq1.png","datePublished":"2017-03-02T16:17:02+00:00","dateModified":"2025-07-10T09:46:42+00:00","description":"Cubiertas textil para la industria para torres e\u00f3licas terrestres y marinas. Instalaci\u00f3n r\u00e1pida y sencilla..","breadcrumb":{"@id":"https:\/\/www.arquitex.eu\/productos\/productoswind\/#breadcrumb"},"inLanguage":"en-US","potentialAction":[{"@type":"ReadAction","target":["https:\/\/www.arquitex.eu\/productos\/productoswind\/"]}]},{"@type":"ImageObject","inLanguage":"en-US","@id":"https:\/\/www.arquitex.eu\/productos\/productoswind\/#primaryimage","url":"http:\/\/www.arquitex.eu\/wp-content\/uploads\/2017\/03\/taponespeq1.png","contentUrl":"http:\/\/www.arquitex.eu\/wp-content\/uploads\/2017\/03\/taponespeq1.png"},{"@type":"BreadcrumbList","@id":"https:\/\/www.arquitex.eu\/productos\/productoswind\/#breadcrumb","itemListElement":[{"@type":"ListItem","position":1,"name":"Portada","item":"https:\/\/www.arquitex.eu\/"},{"@type":"ListItem","position":2,"name":"soluciones para la industria e\u00f3lica","item":"https:\/\/www.arquitex.eu\/productos\/"},{"@type":"ListItem","position":3,"name":"ArquitexWind"}]},{"@type":"WebSite","@id":"https:\/\/www.arquitex.eu\/#website","url":"https:\/\/www.arquitex.eu\/","name":"Arquitex \/ Covers for wind industry","description":"Wind industry temporary covers","potentialAction":[{"@type":"SearchAction","target":{"@type":"EntryPoint","urlTemplate":"https:\/\/www.arquitex.eu\/?s={search_term_string}"},"query-input":{"@type":"PropertyValueSpecification","valueRequired":true,"valueName":"search_term_string"}}],"inLanguage":"en-US"}]}},"_links":{"self":[{"href":"https:\/\/www.arquitex.eu\/en\/wp-json\/wp\/v2\/pages\/1384","targetHints":{"allow":["GET"]}}],"collection":[{"href":"https:\/\/www.arquitex.eu\/en\/wp-json\/wp\/v2\/pages"}],"about":[{"href":"https:\/\/www.arquitex.eu\/en\/wp-json\/wp\/v2\/types\/page"}],"author":[{"embeddable":true,"href":"https:\/\/www.arquitex.eu\/en\/wp-json\/wp\/v2\/users\/3"}],"replies":[{"embeddable":true,"href":"https:\/\/www.arquitex.eu\/en\/wp-json\/wp\/v2\/comments?post=1384"}],"version-history":[{"count":36,"href":"https:\/\/www.arquitex.eu\/en\/wp-json\/wp\/v2\/pages\/1384\/revisions"}],"predecessor-version":[{"id":2769,"href":"https:\/\/www.arquitex.eu\/en\/wp-json\/wp\/v2\/pages\/1384\/revisions\/2769"}],"up":[{"embeddable":true,"href":"https:\/\/www.arquitex.eu\/en\/wp-json\/wp\/v2\/pages\/1214"}],"wp:attachment":[{"href":"https:\/\/www.arquitex.eu\/en\/wp-json\/wp\/v2\/media?parent=1384"}],"curies":[{"name":"wp","href":"https:\/\/api.w.org\/{rel}","templated":true}]}}